{"id":114,"date":"2024-07-15T03:49:37","date_gmt":"2024-07-15T03:49:37","guid":{"rendered":"https:\/\/archi2.oceanthemes.site\/pool\/?page_id=114"},"modified":"2026-01-01T17:12:32","modified_gmt":"2026-01-01T17:12:32","slug":"services","status":"publish","type":"page","link":"https:\/\/alfapools.es\/es\/services\/","title":{"rendered":"Services"},"content":{"rendered":"<div data-elementor-type=\"wp-page\" data-elementor-id=\"114\" class=\"elementor elementor-114\">\n\t\t\t\t<div class=\"elementor-element elementor-element-07925c3 ot-jarallax e-flex e-con-boxed e-con e-parent\" data-id=\"07925c3\" data-element_type=\"container\" data-e-type=\"container\" data-settings=\"{&quot;background_background&quot;:&quot;classic&quot;}\">\n\t\t\t\t\t<div class=\"e-con-inner\">\n\t\t\t\t<div class=\"elementor-element elementor-element-b57718a elementor-widget elementor-widget-heading\" data-id=\"b57718a\" data-element_type=\"widget\" data-e-type=\"widget\" data-widget_type=\"heading.default\">\n\t\t\t\t\t<h2 class=\"elementor-heading-title elementor-size-default\">Servicios de Piscinas<\/h2>\t\t\t\t<\/div>\n\t\t\t\t\t<\/div>\n\t\t\t\t<\/div>\n\t\t<div class=\"elementor-element elementor-element-bb67323 e-grid e-con-boxed e-con e-parent\" data-id=\"bb67323\" data-element_type=\"container\" data-e-type=\"container\">\n\t\t\t\t\t<div class=\"e-con-inner\">\n\t\t\t\t<div class=\"elementor-element elementor-element-7a9ce85 elementor-widget elementor-widget-ot-service-box-image\" data-id=\"7a9ce85\" data-element_type=\"widget\" data-e-type=\"widget\" data-widget_type=\"ot-service-box-image.default\">\n\t\t\t\t<div class=\"elementor-widget-container\">\n\t\t\t\t\t\r\n\t\t<div class=\"ot-service-box-image\">\r\n\t\t\t<a href=\"#\" class=\"overlay\"><\/a>\r\n\t\t\t<div class=\"ot-service-box-image__content\">\r\n\t\t\t\t<h3 class=\"ot-service-box-image__title\">Construcci\u00f3n de Piscinas<\/h3>\t\t\t\t\t\t\t\t\t<p class=\"ot-service-box-image__desc\">\r\n\t\t\t\t\t\tDisseny i construcci\u00f3 de piscines adaptades al teu espai i estil.\nProjectes d\u2019obra, prefabricades o reformes completes. Ens encarreguem de tot: disseny, execuci\u00f3, equipament i posada en marxa.\n\nIdeal per a cases particulars, segones resid\u00e8ncies i jardins nous.\t\t\t\t\t<\/p>\r\n\t\t\t\t\t\t\t\t\t\t\t\t\t<span class=\"btn-service\">M\u00e1s informaci\u00f3n<\/span>\r\n\t\t\t\t\t\t\t<\/div>\r\n\t\t\t<div class=\"bg-image\" data-bgimage=\"url(https:\/\/ot-archi.s3.amazonaws.com\/images\/home-pool-service1.jpg)\"><\/div>\r\n\t    <\/div>\r\n\r\n\t    \t\t\t\t<\/div>\n\t\t\t\t<\/div>\n\t\t\t\t<div class=\"elementor-element elementor-element-3207bcf elementor-widget elementor-widget-ot-service-box-image\" data-id=\"3207bcf\" data-element_type=\"widget\" data-e-type=\"widget\" data-widget_type=\"ot-service-box-image.default\">\n\t\t\t\t<div class=\"elementor-widget-container\">\n\t\t\t\t\t\r\n\t\t<div class=\"ot-service-box-image\">\r\n\t\t\t<a href=\"#\" class=\"overlay\"><\/a>\r\n\t\t\t<div class=\"ot-service-box-image__content\">\r\n\t\t\t\t<h3 class=\"ot-service-box-image__title\">Neteja de Piscines<\/h3>\t\t\t\t\t\t\t\t\t<p class=\"ot-service-box-image__desc\">\r\n\t\t\t\t\t\tServei de neteja professional perqu\u00e8 la teva piscina estigui sempre impecable.\nRetirem fulles, brut\u00edcia, fem neteja manual i comprovem el sistema de filtraci\u00f3 per garantir una aigua cristal\u00b7lina.\n\nPerfecte per a piscines que necessiten un manteniment puntual o refor\u00e7at.\t\t\t\t\t<\/p>\r\n\t\t\t\t\t\t\t\t\t\t\t<\/div>\r\n\t\t\t<div class=\"bg-image\" data-bgimage=\"url(https:\/\/ot-archi.s3.amazonaws.com\/images\/home-pool-service2.jpg)\"><\/div>\r\n\t    <\/div>\r\n\r\n\t    \t\t\t\t<\/div>\n\t\t\t\t<\/div>\n\t\t\t\t<div class=\"elementor-element elementor-element-8bd33ae elementor-widget elementor-widget-ot-service-box-image\" data-id=\"8bd33ae\" data-element_type=\"widget\" data-e-type=\"widget\" data-widget_type=\"ot-service-box-image.default\">\n\t\t\t\t<div class=\"elementor-widget-container\">\n\t\t\t\t\t\r\n\t\t<div class=\"ot-service-box-image\">\r\n\t\t\t<a href=\"#\" class=\"overlay\"><\/a>\r\n\t\t\t<div class=\"ot-service-box-image__content\">\r\n\t\t\t\t<h3 class=\"ot-service-box-image__title\">Mantenimiento de Piscinas<\/h3>\t\t\t\t\t\t\t\t\t<p class=\"ot-service-box-image__desc\">\r\n\t\t\t\t\t\tPlans setmanals o a mida per mantenir l\u2019aigua perfecta tot l\u2019any.\nRevisi\u00f3 de pH i clor, ajust qu\u00edmic, neteja completa i control de la bomba i filtre.\n\nEl servei m\u00e9s contractat per particulars i segones resid\u00e8ncies.\t\t\t\t\t<\/p>\r\n\t\t\t\t\t\t\t\t\t\t\t\t\t<span class=\"btn-service\">Demana manteniment<\/span>\r\n\t\t\t\t\t\t\t<\/div>\r\n\t\t\t<div class=\"bg-image\" data-bgimage=\"url(https:\/\/ot-archi.s3.amazonaws.com\/images\/home-pool-service3.jpg)\"><\/div>\r\n\t    <\/div>\r\n\r\n\t    \t\t\t\t<\/div>\n\t\t\t\t<\/div>\n\t\t\t\t<div class=\"elementor-element elementor-element-c94a47d elementor-widget elementor-widget-ot-service-box-image\" data-id=\"c94a47d\" data-element_type=\"widget\" data-e-type=\"widget\" data-widget_type=\"ot-service-box-image.default\">\n\t\t\t\t<div class=\"elementor-widget-container\">\n\t\t\t\t\t\r\n\t\t<div class=\"ot-service-box-image\">\r\n\t\t\t<a href=\"#\" class=\"overlay\"><\/a>\r\n\t\t\t<div class=\"ot-service-box-image__content\">\r\n\t\t\t\t<h3 class=\"ot-service-box-image__title\">Reparaci\u00f3n de Piscinas<\/h3>\t\t\t\t\t\t\t\t\t<p class=\"ot-service-box-image__desc\">\r\n\t\t\t\t\t\tSolucionem avaries de manera r\u00e0pida i eficient.\nDetecci\u00f3 de fuites, reparaci\u00f3 de canonades, substituci\u00f3 de bombes, filtres i resoluci\u00f3 de problemes d\u2019aigua verda.\n\nDiagn\u00f2stic r\u00e0pid i solucions duradores.\t\t\t\t\t<\/p>\r\n\t\t\t\t\t\t\t\t\t\t\t\t\t<span class=\"btn-service\">Read More<\/span>\r\n\t\t\t\t\t\t\t<\/div>\r\n\t\t\t<div class=\"bg-image\" data-bgimage=\"url(https:\/\/ot-archi.s3.amazonaws.com\/images\/home-pool-service4.jpg)\"><\/div>\r\n\t    <\/div>\r\n\r\n\t    \t\t\t\t<\/div>\n\t\t\t\t<\/div>\n\t\t\t\t<div class=\"elementor-element elementor-element-b37c2fc elementor-widget elementor-widget-ot-service-box-image\" data-id=\"b37c2fc\" data-element_type=\"widget\" data-e-type=\"widget\" data-widget_type=\"ot-service-box-image.default\">\n\t\t\t\t<div class=\"elementor-widget-container\">\n\t\t\t\t\t\r\n\t\t<div class=\"ot-service-box-image\">\r\n\t\t\t<a href=\"#\" class=\"overlay\"><\/a>\r\n\t\t\t<div class=\"ot-service-box-image__content\">\r\n\t\t\t\t<h3 class=\"ot-service-box-image__title\">Productes per a Piscines<\/h3>\t\t\t\t\t\t\t\t\t<p class=\"ot-service-box-image__desc\">\r\n\t\t\t\t\t\tSubministrament de productes de qualitat per cuidar la teva piscina.\nClor, floculants, reguladors de pH, sal, antialgues i kits de manteniment.\n\nTot el que necessites per mantenir l\u2019aigua neta i saludable.\t\t\t\t\t<\/p>\r\n\t\t\t\t\t\t\t\t\t\t\t<\/div>\r\n\t\t\t<div class=\"bg-image\" data-bgimage=\"url(https:\/\/ot-archi.s3.amazonaws.com\/images\/home-pool-service5.jpg)\"><\/div>\r\n\t    <\/div>\r\n\r\n\t    \t\t\t\t<\/div>\n\t\t\t\t<\/div>\n\t\t\t\t<div class=\"elementor-element elementor-element-7c93416 elementor-widget elementor-widget-ot-service-box-image\" data-id=\"7c93416\" data-element_type=\"widget\" data-e-type=\"widget\" data-widget_type=\"ot-service-box-image.default\">\n\t\t\t\t<div class=\"elementor-widget-container\">\n\t\t\t\t\t\r\n\t\t<div class=\"ot-service-box-image\">\r\n\t\t\t<a href=\"#\" class=\"overlay\"><\/a>\r\n\t\t\t<div class=\"ot-service-box-image__content\">\r\n\t\t\t\t<h3 class=\"ot-service-box-image__title\">Equipament de Piscines<\/h3>\t\t\t\t\t\t\t\t\t<p class=\"ot-service-box-image__desc\">\r\n\t\t\t\t\t\tVenda i instal\u00b7laci\u00f3 d'equipament professional.\nBombes, filtres, escalfadors, il\u00b7luminaci\u00f3 LED, skimmers, robots netejadors i sistemes d\u2019automatitzaci\u00f3.\n\nInstal\u00b7laci\u00f3 i assessorament inclosos.\t\t\t\t\t<\/p>\r\n\t\t\t\t\t\t\t\t\t\t\t<\/div>\r\n\t\t\t<div class=\"bg-image\" data-bgimage=\"url(https:\/\/ot-archi.s3.amazonaws.com\/images\/home-pool-service6.jpg)\"><\/div>\r\n\t    <\/div>\r\n\r\n\t    \t\t\t\t<\/div>\n\t\t\t\t<\/div>\n\t\t\t\t\t<\/div>\n\t\t\t\t<\/div>\n\t\t<div class=\"elementor-element elementor-element-45b9cc5 ot-jarallax e-flex e-con-boxed e-con e-parent\" data-id=\"45b9cc5\" data-element_type=\"container\" data-e-type=\"container\" data-settings=\"{&quot;background_background&quot;:&quot;classic&quot;}\">\n\t\t\t\t\t<div class=\"e-con-inner\">\n\t\t<div class=\"elementor-element elementor-element-7936e4c e-con-full e-flex e-con e-child\" data-id=\"7936e4c\" data-element_type=\"container\" data-e-type=\"container\">\n\t\t\t\t<div class=\"elementor-element elementor-element-c98cbbe elementor-widget elementor-widget-heading\" data-id=\"c98cbbe\" data-element_type=\"widget\" data-e-type=\"widget\" data-widget_type=\"heading.default\">\n\t\t\t\t\t<h2 class=\"elementor-heading-title elementor-size-default\">Vols una piscina impecable tot l\u2019any?<\/h2>\t\t\t\t<\/div>\n\t\t\t\t<div class=\"elementor-element elementor-element-ed42eeb elementor-widget elementor-widget-text-editor\" data-id=\"ed42eeb\" data-element_type=\"widget\" data-e-type=\"widget\" data-widget_type=\"text-editor.default\">\n\t\t\t\t\t\t\t\t\t<p>Ens encarreguem de tot: neteja, control de l\u2019aigua, reparacions i posada a punt perqu\u00e8 nom\u00e9s t\u2019hagis de preocupar de gaudir-la. Servei professional per a cases i comunitats.<\/p>\t\t\t\t\t\t\t\t<\/div>\n\t\t\t\t<div class=\"elementor-element elementor-element-94b87d6 elementor-align-center elementor-widget elementor-widget-ot-btn\" data-id=\"94b87d6\" data-element_type=\"widget\" data-e-type=\"widget\" data-widget_type=\"ot-btn.default\">\n\t\t\t\t<div class=\"elementor-widget-container\">\n\t\t\t\t\t\t\t<div class=\"ot-button-wrapper\">\r\n\t\t\t<a href=\"https:\/\/alfapools.es\/es\/contact\/\" class=\"octf-btn\">\r\n\t\t\t\tDemana un pressupost gratu\u00eft\t\t\t\t\t\t\t<\/a>\r\n\t    <\/div>\r\n\t    \t\t\t\t<\/div>\n\t\t\t\t<\/div>\n\t\t\t\t<\/div>\n\t\t\t\t\t<\/div>\n\t\t\t\t<\/div>\n\t\t\t\t<\/div>","protected":false},"excerpt":{"rendered":"<p>Serveis de Piscines Construcci\u00f3 de Piscines Disseny i construcci\u00f3 de piscines adaptades al teu espai i estil. Projectes d\u2019obra, prefabricades o reformes completes. Ens encarreguem de tot: disseny, execuci\u00f3, equipament i posada en marxa. Ideal per a cases particulars, segones resid\u00e8ncies i jardins nous. M\u00e9s informaci\u00f3 Neteja de Piscines Servei de neteja professional perqu\u00e8 la [&hellip;]<\/p>","protected":false},"author":1,"featured_media":0,"parent":0,"menu_order":0,"comment_status":"closed","ping_status":"closed","template":"","meta":{"footnotes":""},"class_list":["post-114","page","type-page","status-publish","hentry"],"_hostinger_reach_plugin_has_subscription_block":false,"_hostinger_reach_plugin_is_elementor":false,"_links":{"self":[{"href":"https:\/\/alfapools.es\/es\/wp-json\/wp\/v2\/pages\/114","targetHints":{"allow":["GET"]}}],"collection":[{"href":"https:\/\/alfapools.es\/es\/wp-json\/wp\/v2\/pages"}],"about":[{"href":"https:\/\/alfapools.es\/es\/wp-json\/wp\/v2\/types\/page"}],"author":[{"embeddable":true,"href":"https:\/\/alfapools.es\/es\/wp-json\/wp\/v2\/users\/1"}],"replies":[{"embeddable":true,"href":"https:\/\/alfapools.es\/es\/wp-json\/wp\/v2\/comments?post=114"}],"version-history":[{"count":12,"href":"https:\/\/alfapools.es\/es\/wp-json\/wp\/v2\/pages\/114\/revisions"}],"predecessor-version":[{"id":475,"href":"https:\/\/alfapools.es\/es\/wp-json\/wp\/v2\/pages\/114\/revisions\/475"}],"wp:attachment":[{"href":"https:\/\/alfapools.es\/es\/wp-json\/wp\/v2\/media?parent=114"}],"curies":[{"name":"wp","href":"https:\/\/api.w.org\/{rel}","templated":true}]}}