{"id":3,"date":"2025-10-30T11:11:48","date_gmt":"2025-10-30T11:11:48","guid":{"rendered":"http:\/\/alfapools.es\/?page_id=3"},"modified":"2026-01-04T23:43:17","modified_gmt":"2026-01-04T23:43:17","slug":"avis-legal","status":"publish","type":"page","link":"https:\/\/alfapools.es\/es\/avis-legal\/","title":{"rendered":"Av\u00eds legal"},"content":{"rendered":"<p>El prop\u00f2sit d\u2019aquest Av\u00eds Legal \u00e9s informar els usuaris de <strong><a href=\"https:\/\/alfapools.es\/es\/\">www.alfapools.es<\/a><\/strong>, domiciliada a <strong>Carrer Alber n\u00ba49, 17410 Sils (Girona)<\/strong>, la ra\u00f3 social del Responsable del tractament del qual \u00e9s <strong>Albert Soles Garcia<\/strong>, de quina \u00e9s la seva pol\u00edtica de protecci\u00f3 de la privadesa i confidencialitat de les dades de car\u00e0cter personal segons el Reglament General de Protecci\u00f3 de Dades (RGPD) que els seus usuaris faciliten de forma lliure i volunt\u00e0ria. <strong>Albert Soles Garcia (ALFA POOLS)<\/strong> posa en el seu coneixement que disposa de les seves dades de car\u00e0cter personal especificades al corresponent registre d\u2019activitats del tractament de l\u2019empresa denominat <strong>Gesti\u00f3 d\u2019Usuaris Web<\/strong>.<\/p>\n\n\n\n<p>La base legal per al tractament de les vostres dades \u00e9s el consentiment obtingut del mateix titular del tractament en el moment d\u2019emplenar el nostre formulari on-line i acceptar-lo de forma expressa.<\/p>\n\n\n\n<p>La finalitat de la creaci\u00f3, exist\u00e8ncia i manteniment \u00e9s el tractament de les dades amb les finalitats exclusives de poder fer efectiva la sol\u00b7licitud d\u2019informaci\u00f3.<\/p>\n\n\n\n<p>Els destinataris de la informaci\u00f3 s\u00f3n tots els departaments, compartiments, locals i ens associats en qu\u00e8 s\u2019organitza <strong>ALFA POOLS<\/strong> i no seran cedits a cap tercer excepte en els casos que hi hagi una obligaci\u00f3 legal.<\/p>\n\n\n\n<p>En tot cas, vost\u00e8 t\u00e9 dret a obtenir confirmaci\u00f3 sobre si a <strong>ALFA POOLS<\/strong> estem tractant les seves dades personals; per tant, t\u00e9 dret a accedir a les seves dades personals, rectificar les dades inexactes o sol\u00b7licitar la seva supressi\u00f3 quan les dades ja no siguin necess\u00e0ries.<\/p>\n\n\n\n<p>Tots els camps del formulari on-line marcats amb un asterisc s\u00f3n de compliment obligat per poder fer efectiva la vostra sol\u00b7licitud d\u2019informaci\u00f3.<\/p>\n\n\n\n<p>El web <strong><a href=\"https:\/\/alfapools.es\/es\/\">www.alfapools.es<\/a><\/strong> ha adoptat les mesures d\u2019\u00edndole t\u00e8cnica i organitzatives necess\u00e0ries, segons el nivell de seguretat de protecci\u00f3 de dades que li correspon legalment, per garantir la seguretat del tractament de dades de car\u00e0cter personal que constitueixen el fitxer automatitzat. Tot i aix\u00f2, l\u2019usuari ha de ser conscient que actualment les mesures de seguretat a Internet no s\u00f3n inexpugnables i, per tant, no est\u00e0 fora de perill de possibles intromissions il\u00b7legals i indegudes, que no serien responsabilitat d\u2019<strong>ALFA POOLS<\/strong>, ja que ha actuat amb la dilig\u00e8ncia deguda per protegir les dades conforme determina la llei.<\/p>\n\n\n\n<p>La pol\u00edtica de cookies de la Web <strong><a href=\"https:\/\/alfapools.es\/es\/\">www.alfapools.es<\/a><\/strong> es troba determinada a l\u2019apartat corresponent.<\/p>\n\n\n\n<p>La Web <strong><a href=\"https:\/\/alfapools.es\/es\/\">www.alfapools.es<\/a><\/strong> far\u00e0 tot el possible perqu\u00e8 les vostres dades estiguin sempre actualitzades. No obstant aix\u00f2, la responsabilitat sobre la qualitat de les dades dep\u00e8n del titular d\u2019aquestes dades, per aix\u00f2, si hi ha alguna modificaci\u00f3 de les dades, l\u2019usuari de la web les comunicar\u00e0 al Responsable del Fitxer, declinant aquest tota responsabilitat en cas que l\u2019usuari ometi l\u2019obligaci\u00f3 de notificar els canvis.<\/p>\n\n\n\n<p>La prestaci\u00f3 del servei d\u2019aquest web i les presents condicions d\u2019\u00fas del lloc web es regeixen per la Llei espanyola. Per a qualsevol discrep\u00e0ncia en l\u2019execuci\u00f3, la interpretaci\u00f3 o el compliment d\u2019aquestes condicions, les parts se sotmeten als jutjats i tribunals competents.<\/p>","protected":false},"excerpt":{"rendered":"<p>El prop\u00f2sit d\u2019aquest Av\u00eds Legal \u00e9s informar els usuaris de www.alfapools.es, domiciliada a Carrer Alber n\u00ba49, 17410 Sils (Girona), la ra\u00f3 social del Responsable del tractament del qual \u00e9s Albert Soles Garcia, de quina \u00e9s la seva pol\u00edtica de protecci\u00f3 de la privadesa i confidencialitat de les dades de car\u00e0cter personal segons el Reglament General [&hellip;]<\/p>","protected":false},"author":1,"featured_media":0,"parent":0,"menu_order":0,"comment_status":"closed","ping_status":"closed","template":"","meta":{"footnotes":""},"class_list":["post-3","page","type-page","status-publish","hentry"],"_hostinger_reach_plugin_has_subscription_block":false,"_hostinger_reach_plugin_is_elementor":false,"_links":{"self":[{"href":"https:\/\/alfapools.es\/es\/wp-json\/wp\/v2\/pages\/3","targetHints":{"allow":["GET"]}}],"collection":[{"href":"https:\/\/alfapools.es\/es\/wp-json\/wp\/v2\/pages"}],"about":[{"href":"https:\/\/alfapools.es\/es\/wp-json\/wp\/v2\/types\/page"}],"author":[{"embeddable":true,"href":"https:\/\/alfapools.es\/es\/wp-json\/wp\/v2\/users\/1"}],"replies":[{"embeddable":true,"href":"https:\/\/alfapools.es\/es\/wp-json\/wp\/v2\/comments?post=3"}],"version-history":[{"count":1,"href":"https:\/\/alfapools.es\/es\/wp-json\/wp\/v2\/pages\/3\/revisions"}],"predecessor-version":[{"id":525,"href":"https:\/\/alfapools.es\/es\/wp-json\/wp\/v2\/pages\/3\/revisions\/525"}],"wp:attachment":[{"href":"https:\/\/alfapools.es\/es\/wp-json\/wp\/v2\/media?parent=3"}],"curies":[{"name":"wp","href":"https:\/\/api.w.org\/{rel}","templated":true}]}}