{"id":526,"date":"2026-01-04T23:44:54","date_gmt":"2026-01-04T23:44:54","guid":{"rendered":"https:\/\/alfapools.es\/?page_id=526"},"modified":"2026-01-04T23:44:55","modified_gmt":"2026-01-04T23:44:55","slug":"politica-de-privadesa","status":"publish","type":"page","link":"https:\/\/alfapools.es\/es\/politica-de-privadesa\/","title":{"rendered":"Pol\u00edtica de privadesa"},"content":{"rendered":"<h3 class=\"wp-block-heading\">RESPONSABLE DEL TRACTAMENT<\/h3>\n\n\n\n<p><strong>Albert Soles Garcia<\/strong><br>NIF: <strong>52397875B<\/strong><br>Domicili: <strong>Carrer Alber n\u00ba49, 17410 Sils (Girona)<\/strong><br>Tel\u00e9fono: <strong>632 841 543<\/strong><br>Correu electr\u00f2nic: <strong><a>alfa-pools@hotmail.com<\/a><\/strong><\/p>\n\n\n\n<h3 class=\"wp-block-heading\">FINALITAT<\/h3>\n\n\n\n<p>La finalitat de la creaci\u00f3, exist\u00e8ncia i manteniment \u00e9s el tractament de les dades amb els exclusius fins de complir amb la nostra relaci\u00f3 comercial, i realitzar-ne la facturaci\u00f3.<\/p>\n\n\n\n<h3 class=\"wp-block-heading\">LEGITIMACI\u00d3<\/h3>\n\n\n\n<p>La base legal per al tractament de les vostres dades \u00e9s l\u2019execuci\u00f3 de la relaci\u00f3 comercial entre el titular de la dada i el responsable del tractament i aquesta informaci\u00f3 personal es conservar\u00e0 mentre es mantingui la relaci\u00f3 comercial\/contractual o durant el temps estrictament necessari per complir les obligacions legals.<\/p>\n\n\n\n<h3 class=\"wp-block-heading\">PER\u00cdODE DE CONSERVACI\u00d3<\/h3>\n\n\n\n<p>Les dades proporcionades es conservaran mentre es mantingui la relaci\u00f3 comercial o durant els anys necessaris per complir les obligacions legals.<\/p>\n\n\n\n<h3 class=\"wp-block-heading\">DESTINATARIS<\/h3>\n\n\n\n<p>Mentre duri el tractament de les dades de l\u2019interessat, <strong>ALFA POOLS<\/strong> no cedir\u00e0 les dades a tercers, llevat que hi hagi obligaci\u00f3 legal.<\/p>\n\n\n\n<p>En els sup\u00f2sits que, per a la realitzaci\u00f3 de tractaments de tipus administratiu, fiscal, comptable i\/o comercial, es compti amb els serveis de tercers, es formalitzar\u00e0 degudament el preceptiu contracte d\u2019encarregat de tractament, amb la finalitat de garantir la seguretat i la confidencialitat de les dades de l\u2019interessat davant de tercers.<\/p>\n\n\n\n<h3 class=\"wp-block-heading\">DRETS<\/h3>\n\n\n\n<p>Les persones interessades tenen dret a accedir a les seves dades de car\u00e0cter personal, aix\u00ed com a sol\u00b7licitar la rectificaci\u00f3 de dades inexactes o, si escau, sol\u00b7licitar la supressi\u00f3 quan, entre altres motius, les dades ja no siguin necess\u00e0ries per a la finalitat que van ser lliurades, aix\u00ed com retirar el consentiment atorgat. Tamb\u00e9 podeu exercir el vostre dret a la limitaci\u00f3 del tractament, de manera que les vostres dades no seran suprimides per\u00f2 el tractament de les mateixes estar\u00e0 subjecte a limitacions.<\/p>\n\n\n\n<p>Els exercicis de portabilitat i automatitzaci\u00f3 de decisions no apliquen en aquest cas per la seva tipologia de dades i tractament.<\/p>\n\n\n\n<h3 class=\"wp-block-heading\">Reglament General de Protecci\u00f3 de Dades (RGPD)<\/h3>\n\n\n\n<p>En nom de <strong>Albert Soles Garcia<\/strong>, propietari del domini web <strong><a href=\"https:\/\/alfapools.es\/es\/\">www.alfapools.es<\/a><\/strong>, i en virtut del que estableix el Reglament General de Protecci\u00f3 de Dades (UE 2016\/679), us informem que tractem les dades que ens faciliteu en aquest formulari per tal de poder fer efectiva la vostra sol\u00b7licitud d\u2019informaci\u00f3.<\/p>\n\n\n\n<p>Les dades proporcionades es conservaran mentre es realitza el processament de la vostra sol\u00b7licitud i se li d\u00f3na resposta.<\/p>\n\n\n\n<p>Vost\u00e8 t\u00e9 dret a obtenir confirmaci\u00f3 sobre si a <strong>ALFA POOLS<\/strong> estem tractant les seves dades personals; per tant, t\u00e9 dret a accedir a les seves dades personals, rectificar les dades inexactes o sol\u00b7licitar la seva supressi\u00f3 quan ja no siguin necess\u00e0ries.<\/p>","protected":false},"excerpt":{"rendered":"<p>RESPONSABLE DEL TRACTAMENT Albert Soles GarciaNIF: 52397875BDomicili: Carrer Alber n\u00ba49, 17410 Sils (Girona)Tel\u00e8fon: 632 841 543Correu electr\u00f2nic: alfa-pools@hotmail.com FINALITAT La finalitat de la creaci\u00f3, exist\u00e8ncia i manteniment \u00e9s el tractament de les dades amb els exclusius fins de complir amb la nostra relaci\u00f3 comercial, i realitzar-ne la facturaci\u00f3. LEGITIMACI\u00d3 La base legal per al tractament [&hellip;]<\/p>","protected":false},"author":1,"featured_media":0,"parent":0,"menu_order":0,"comment_status":"closed","ping_status":"closed","template":"","meta":{"footnotes":""},"class_list":["post-526","page","type-page","status-publish","hentry"],"_hostinger_reach_plugin_has_subscription_block":false,"_hostinger_reach_plugin_is_elementor":false,"_links":{"self":[{"href":"https:\/\/alfapools.es\/es\/wp-json\/wp\/v2\/pages\/526","targetHints":{"allow":["GET"]}}],"collection":[{"href":"https:\/\/alfapools.es\/es\/wp-json\/wp\/v2\/pages"}],"about":[{"href":"https:\/\/alfapools.es\/es\/wp-json\/wp\/v2\/types\/page"}],"author":[{"embeddable":true,"href":"https:\/\/alfapools.es\/es\/wp-json\/wp\/v2\/users\/1"}],"replies":[{"embeddable":true,"href":"https:\/\/alfapools.es\/es\/wp-json\/wp\/v2\/comments?post=526"}],"version-history":[{"count":1,"href":"https:\/\/alfapools.es\/es\/wp-json\/wp\/v2\/pages\/526\/revisions"}],"predecessor-version":[{"id":527,"href":"https:\/\/alfapools.es\/es\/wp-json\/wp\/v2\/pages\/526\/revisions\/527"}],"wp:attachment":[{"href":"https:\/\/alfapools.es\/es\/wp-json\/wp\/v2\/media?parent=526"}],"curies":[{"name":"wp","href":"https:\/\/api.w.org\/{rel}","templated":true}]}}