{"id":528,"date":"2026-01-04T23:46:34","date_gmt":"2026-01-04T23:46:34","guid":{"rendered":"https:\/\/alfapools.es\/?page_id=528"},"modified":"2026-01-04T23:46:35","modified_gmt":"2026-01-04T23:46:35","slug":"politica-de-cookies","status":"publish","type":"page","link":"https:\/\/alfapools.es\/es\/politica-de-cookies\/","title":{"rendered":"Pol\u00edtica de cookies"},"content":{"rendered":"<p>L\u2019empresa <strong>ALFA POOLS (Albert Soles Garcia)<\/strong> us informa que aquesta p\u00e0gina web <strong><a href=\"https:\/\/alfapools.es\/es\/\">www.alfapools.es<\/a><\/strong> utilitza cookies pr\u00f2pies i de tercers per millorar els nostres serveis.<\/p>\n\n\n\n<h3 class=\"wp-block-heading\">DEFINICI\u00d3 DE LES COOKIES<\/h3>\n\n\n\n<p><strong>Qu\u00e8 s\u00f3n les galetes?<\/strong><br>Una galeta \u00e9s un fitxer que es descarrega al vostre ordinador en accedir a determinades p\u00e0gines web. Les cookies permeten a una p\u00e0gina web, entre altres coses, emmagatzemar i recuperar informaci\u00f3 sobre els h\u00e0bits de navegaci\u00f3 d\u2019un usuari o del seu equip i, depenent de la informaci\u00f3 que continguin i de la forma que utilitzi el seu equip, es poden utilitzar per recon\u00e8ixer l\u2019usuari.<\/p>\n\n\n\n<h3 class=\"wp-block-heading\">QUINS TIPUS DE COOKIES UTILITZA AQUESTA P\u00c0GINA WEB?<\/h3>\n\n\n\n<p>Utilitzem cookies amb la finalitat de possibilitar, personalitzar i analitzar la navegaci\u00f3, millorant la qualitat dels serveis oferts. Les galetes utilitzades es classifiquen en diverses categories, si b\u00e9 una galeta pot estar inclosa en m\u00e9s d\u2019una categoria:<\/p>\n\n\n\n<ul class=\"wp-block-list\">\n<li><strong>Cookies de sessi\u00f3<\/strong>: s\u00f3n cookies temporals que no s\u2019emmagatzemen al terminal, sin\u00f3 que desapareixen quan finalitza la sessi\u00f3 de navegaci\u00f3.<\/li>\n\n\n\n<li><strong>Cookies persistents<\/strong>: s\u00f3n aquelles que permeten que les dades romanguin al seu terminal i puguin ser tractades m\u00e9s enll\u00e0 de la finalitzaci\u00f3 de la sessi\u00f3.<\/li>\n\n\n\n<li><strong>Cookies pr\u00f2pies<\/strong>: s\u00f3n aquelles que s\u2019envien al seu terminal des del lloc web <strong><a href=\"https:\/\/alfapools.es\/es\/\">www.alfapools.es<\/a><\/strong>, si b\u00e9 algunes poden ser proporcionades per l\u2019eina Google Analytics.<\/li>\n\n\n\n<li><strong>Galetes de tercers<\/strong>: s\u00f3n galetes que s\u2019envien al seu terminal des d\u2019un domini que no \u00e9s gestionat per <strong>ALFA POOLS<\/strong>, sin\u00f3 per una altra entitat que tracta les dades obtingudes a trav\u00e9s de les galetes.<\/li>\n\n\n\n<li><strong>Cookies anal\u00edtiques<\/strong>: s\u00f3n cookies utilitzades per al seguiment i an\u00e0lisi del comportament dels usuaris. Aquest tipus de galetes permet mesurar l\u2019activitat al Lloc Web mitjan\u00e7ant informaci\u00f3 agregada o estad\u00edstica sobre els h\u00e0bits de navegaci\u00f3. Algunes d\u2019aquestes galetes s\u00f3n proporcionades per l\u2019eina <strong>Google Analytics<\/strong>.<\/li>\n<\/ul>\n\n\n\n<h3 class=\"wp-block-heading\">POT PERMETRE, BLOQUEJAR O ELIMINAR LES COOKIES<\/h3>\n\n\n\n<p>Les galetes instal\u00b7lades al vostre equip es poden bloquejar o eliminar mitjan\u00e7ant la configuraci\u00f3 de les opcions del navegador instal\u00b7lat al vostre ordinador:<\/p>\n\n\n\n<ul class=\"wp-block-list\">\n<li>Firefox<\/li>\n\n\n\n<li>Chrome<\/li>\n\n\n\n<li>Explorer<\/li>\n\n\n\n<li>Safari<\/li>\n\n\n\n<li>Opera<\/li>\n<\/ul>\n\n\n\n<h3 class=\"wp-block-heading\">ENLLA\u00c7OS EXTERNS<\/h3>\n\n\n\n<p>Aquesta web pot contenir enlla\u00e7os externs a altres llocs web que podrien tractar la informaci\u00f3 d\u2019acord amb altres pol\u00edtiques de privadesa (per exemple, xarxes socials com Facebook o LinkedIn). En cap cas <strong>ALFA POOLS<\/strong> ser\u00e0 responsable de l\u2019\u00fas que facin tercers d\u2019aquesta informaci\u00f3 si l\u2019interessat decideix proporcionar-la lliurement.<\/p>\n\n\n\n<p>Per millorar la vostra experi\u00e8ncia d\u2019usuari, aquesta web pot habilitar botons socials perqu\u00e8 l\u2019usuari pugui compartir continguts amb el seu cercle social. Aquests botons poden utilitzar informaci\u00f3 ja compartida a les xarxes socials esmentades, dades a les quals <strong>ALFA POOLS<\/strong> no t\u00e9 acc\u00e9s.<\/p>\n\n\n\n<h3 class=\"wp-block-heading\">QU\u00c8 PASSA SI ES DESHABILITEN LES COOKIES<\/h3>\n\n\n\n<p>La navegaci\u00f3 per la nostra web podria no ser \u00f2ptima i alguns recursos podrien quedar deshabilitats.<\/p>\n\n\n\n<h3 class=\"wp-block-heading\">ACTUALITZACIONS I CANVIS<\/h3>\n\n\n\n<p><strong>ALFA POOLS<\/strong> pot modificar aquesta Pol\u00edtica de Cookies en funci\u00f3 d\u2019exig\u00e8ncies legislatives o reglament\u00e0ries, o amb la finalitat d\u2019adaptar-la a les instruccions dictades per l\u2019Ag\u00e8ncia Espanyola de Protecci\u00f3 de Dades. Es recomana als usuaris que la revisin peri\u00f2dicament.<\/p>","protected":false},"excerpt":{"rendered":"<p>L\u2019empresa ALFA POOLS (Albert Soles Garcia) us informa que aquesta p\u00e0gina web www.alfapools.es utilitza cookies pr\u00f2pies i de tercers per millorar els nostres serveis. DEFINICI\u00d3 DE LES COOKIES Qu\u00e8 s\u00f3n les galetes?Una galeta \u00e9s un fitxer que es descarrega al vostre ordinador en accedir a determinades p\u00e0gines web. Les cookies permeten a una p\u00e0gina web, [&hellip;]<\/p>","protected":false},"author":1,"featured_media":0,"parent":0,"menu_order":0,"comment_status":"closed","ping_status":"closed","template":"","meta":{"footnotes":""},"class_list":["post-528","page","type-page","status-publish","hentry"],"_hostinger_reach_plugin_has_subscription_block":false,"_hostinger_reach_plugin_is_elementor":false,"_links":{"self":[{"href":"https:\/\/alfapools.es\/es\/wp-json\/wp\/v2\/pages\/528","targetHints":{"allow":["GET"]}}],"collection":[{"href":"https:\/\/alfapools.es\/es\/wp-json\/wp\/v2\/pages"}],"about":[{"href":"https:\/\/alfapools.es\/es\/wp-json\/wp\/v2\/types\/page"}],"author":[{"embeddable":true,"href":"https:\/\/alfapools.es\/es\/wp-json\/wp\/v2\/users\/1"}],"replies":[{"embeddable":true,"href":"https:\/\/alfapools.es\/es\/wp-json\/wp\/v2\/comments?post=528"}],"version-history":[{"count":1,"href":"https:\/\/alfapools.es\/es\/wp-json\/wp\/v2\/pages\/528\/revisions"}],"predecessor-version":[{"id":529,"href":"https:\/\/alfapools.es\/es\/wp-json\/wp\/v2\/pages\/528\/revisions\/529"}],"wp:attachment":[{"href":"https:\/\/alfapools.es\/es\/wp-json\/wp\/v2\/media?parent=528"}],"curies":[{"name":"wp","href":"https:\/\/api.w.org\/{rel}","templated":true}]}}